{"id":416,"date":"2019-04-19T07:05:14","date_gmt":"2019-04-19T07:05:14","guid":{"rendered":"http:\/\/demo.sparklewpthemes.com\/constructionlight\/?page_id=416"},"modified":"2023-08-29T23:32:05","modified_gmt":"2023-08-29T21:32:05","slug":"we-realize-your-dream","status":"publish","type":"page","link":"https:\/\/krtarts.be\/?page_id=416","title":{"rendered":"Nous r\u00e9alisons votre r\u00eave"},"content":{"rendered":"\n<p>Notre expertise en mati\u00e8re de restauration d&rsquo;\u0153uvres d&rsquo;art fait de votre projet une r\u00e9alit\u00e9.<\/p>\n","protected":false},"excerpt":{"rendered":"<p>Notre expertise en mati\u00e8re de restauration d&rsquo;\u0153uvres d&rsquo;art fait de votre projet une r\u00e9alit\u00e9.<\/p>\n","protected":false},"author":1,"featured_media":856,"parent":0,"menu_order":0,"comment_status":"closed","ping_status":"closed","template":"","meta":{"footnotes":""},"class_list":["post-416","page","type-page","status-publish","has-post-thumbnail","hentry"],"_links":{"self":[{"href":"https:\/\/krtarts.be\/index.php?rest_route=\/wp\/v2\/pages\/416"}],"collection":[{"href":"https:\/\/krtarts.be\/index.php?rest_route=\/wp\/v2\/pages"}],"about":[{"href":"https:\/\/krtarts.be\/index.php?rest_route=\/wp\/v2\/types\/page"}],"author":[{"embeddable":true,"href":"https:\/\/krtarts.be\/index.php?rest_route=\/wp\/v2\/users\/1"}],"replies":[{"embeddable":true,"href":"https:\/\/krtarts.be\/index.php?rest_route=%2Fwp%2Fv2%2Fcomments&post=416"}],"version-history":[{"count":5,"href":"https:\/\/krtarts.be\/index.php?rest_route=\/wp\/v2\/pages\/416\/revisions"}],"predecessor-version":[{"id":929,"href":"https:\/\/krtarts.be\/index.php?rest_route=\/wp\/v2\/pages\/416\/revisions\/929"}],"wp:featuredmedia":[{"embeddable":true,"href":"https:\/\/krtarts.be\/index.php?rest_route=\/wp\/v2\/media\/856"}],"wp:attachment":[{"href":"https:\/\/krtarts.be\/index.php?rest_route=%2Fwp%2Fv2%2Fmedia&parent=416"}],"curies":[{"name":"wp","href":"https:\/\/api.w.org\/{rel}","templated":true}]}}