{"id":199,"date":"2018-02-28T07:02:35","date_gmt":"2018-02-28T07:02:35","guid":{"rendered":"http:\/\/offshorethemes.com\/demo\/sparkconstruction\/?page_id=199"},"modified":"2023-08-29T23:22:34","modified_gmt":"2023-08-29T21:22:34","slug":"about-us","status":"publish","type":"page","link":"https:\/\/krtarts.be\/?page_id=199","title":{"rendered":"A propos de nous"},"content":{"rendered":"\n<p>Kosti Toros, le grand artiste de la restauration de vieilles pi\u00e8ces de bois et de leur d\u00e9coration \u00e0 la feuille d&rsquo;or, en plus de son extraordinaire habilet\u00e9 \u00e0 r\u00e9nover les mosa\u00efques de pierre. Son travail est r\u00e9put\u00e9 pour sa pr\u00e9cision et son savoir-faire. Il a acquis son exp\u00e9rience depuis son immersion dans le monde de l&rsquo;art \u00e0 Paris, \u00e0 l&rsquo;\u00e2ge de 16 ans. Il a parcouru de nombreux palais et mus\u00e9es, o\u00f9 il a \u00e9t\u00e9 appel\u00e9 avec passion pour restaurer et renouveler des pi\u00e8ces pr\u00e9cieuses. Chaque fois, il a laiss\u00e9 une impression inoubliable de beaut\u00e9 et d&rsquo;art.<\/p>\n","protected":false},"excerpt":{"rendered":"<p>Kosti Toros, le grand artiste de la restauration de vieilles pi\u00e8ces de bois et de leur d\u00e9coration \u00e0 la feuille d&rsquo;or, en plus de son&hellip;<\/p>\n","protected":false},"author":1,"featured_media":886,"parent":0,"menu_order":0,"comment_status":"closed","ping_status":"closed","template":"","meta":{"footnotes":""},"class_list":["post-199","page","type-page","status-publish","has-post-thumbnail","hentry"],"_links":{"self":[{"href":"https:\/\/krtarts.be\/index.php?rest_route=\/wp\/v2\/pages\/199"}],"collection":[{"href":"https:\/\/krtarts.be\/index.php?rest_route=\/wp\/v2\/pages"}],"about":[{"href":"https:\/\/krtarts.be\/index.php?rest_route=\/wp\/v2\/types\/page"}],"author":[{"embeddable":true,"href":"https:\/\/krtarts.be\/index.php?rest_route=\/wp\/v2\/users\/1"}],"replies":[{"embeddable":true,"href":"https:\/\/krtarts.be\/index.php?rest_route=%2Fwp%2Fv2%2Fcomments&post=199"}],"version-history":[{"count":8,"href":"https:\/\/krtarts.be\/index.php?rest_route=\/wp\/v2\/pages\/199\/revisions"}],"predecessor-version":[{"id":928,"href":"https:\/\/krtarts.be\/index.php?rest_route=\/wp\/v2\/pages\/199\/revisions\/928"}],"wp:featuredmedia":[{"embeddable":true,"href":"https:\/\/krtarts.be\/index.php?rest_route=\/wp\/v2\/media\/886"}],"wp:attachment":[{"href":"https:\/\/krtarts.be\/index.php?rest_route=%2Fwp%2Fv2%2Fmedia&parent=199"}],"curies":[{"name":"wp","href":"https:\/\/api.w.org\/{rel}","templated":true}]}}